{"id":21237,"date":"2023-12-20T00:12:30","date_gmt":"2023-12-19T22:12:30","guid":{"rendered":"https:\/\/iverwind.com\/spare-parts\/?post_type=product&#038;p=21237"},"modified":"2025-12-11T10:33:25","modified_gmt":"2025-12-11T08:33:25","slug":"generador-indar-ncr-450-l-4r-g52","status":"publish","type":"product","link":"https:\/\/iverwind.com\/spare-parts\/es\/producto\/generador-indar-ncr-450-l-4r-g52\/","title":{"rendered":"GENERADOR INDAR NCR-450-L\/4R G52"},"content":{"rendered":"<p><span style=\"color: #416973;\">Generador Indar NCR-450-L\/4R ; 50Hz, 690V, 860kW Gamesa G52\u00a0<\/span><\/p>\n<p><span style=\"color: #416973;\">Dise\u00f1ado espec\u00edficamente para su uso con aerogeneradores Gamesa G5x, este generador ejemplifica la ingenier\u00eda de vanguardia y la fiabilidad en el sector de las energ\u00edas renovables. <\/span><span style=\"color: #416973;\">Este modelo de generador est\u00e1 dise\u00f1ado para integrarse perfectamente con las turbinas G5x de Gamesa, proporcionando un rendimiento y una eficiencia \u00f3ptimos.<\/span><\/p>\n<p><span style=\"color: #808080;\"><strong>Fabricante: <\/strong>Indar<\/span><\/p>\n<p><span style=\"color: #808080;\"><strong> Producto:<\/strong> NCR450L4R<\/span><\/p>\n<p><span style=\"color: #808080;\"><strong>N\u00ba Serie:<\/strong> 7565<\/span><\/p>\n<p><span style=\"color: #808080;\"><strong>SKU:<\/strong> P000855<\/span><\/p>\n<p><span style=\"color: #808080;\"><strong>Caracter\u00edsticas T\u00e9cnicas:<\/strong> 50Hz , 690V , IP54<\/span><\/p>\n<p><span style=\"color: #808080;\"><strong>Pot<span style=\"color: #808080;\">encia Aerogenerador:<\/span><\/strong> 860 Kw<\/span><\/p>\n<p>&nbsp;<\/p>\n<ul>\n<li><span style=\"color: #808080;\">Marca de la turbina: Gamesa<\/span><\/li>\n<li><span style=\"color: #808080;\">Tipo de turbina: Gamesa 52 850<\/span><\/li>\n<li><span style=\"color: #808080;\">Ubicaci\u00f3n de almacenamiento: Holanda\/Espa\u00f1a<\/span><\/li>\n<li><span style=\"color: #808080;\">Estado: Reacondicionado<\/span><\/li>\n<li><span style=\"color: #808080;\">Peso: 4.8 T<\/span><\/li>\n<\/ul>\n<p><span style=\"color: #808080;\"><a href='https:\/\/iverwind.com\/spare-parts\/wp-content\/uploads\/2025\/09\/8011-Informe-de-reparacion.pdf' class='small-button smallsilver' target=\"_blank\">Ver informe de reparaci\u00f3n<\/a><\/span><\/p>\n<p><span style=\"color: #416973;\"><div class=\"bg-margin-for-link\"><input type='hidden' bg_collapse_expand='69dced6063e4f5008205331' value='69dced6063e4f5008205331'><input type='hidden' id='bg-show-more-text-69dced6063e4f5008205331' value='Ver infomaci\u00f3n adicional'><input type='hidden' id='bg-show-less-text-69dced6063e4f5008205331' value='Ver Menos'><a id='bg-showmore-action-69dced6063e4f5008205331' class='bg-showmore-plg-link bg-eye '  style=\" color:#4a4949;;\" href='#'>Ver infomaci\u00f3n adicional<\/a><div id='bg-showmore-hidden-69dced6063e4f5008205331' ><\/span><\/p>\n<p><span style=\"color: #808080\"><strong>Salida de alta potencia<\/strong>: El NCR 450L4R ofrece una salida de alta potencia, lo que garantiza la m\u00e1xima captura de energ\u00eda de los recursos e\u00f3licos. Su dise\u00f1o robusto es capaz de manejar las condiciones variables que a menudo se encuentran en las aplicaciones de energ\u00eda e\u00f3lica.<\/span><\/p>\n<p><span style=\"color: #808080\"><strong>Ingenier\u00eda de precisi\u00f3n:<\/strong> el compromiso de Indar con la ingenier\u00eda de precisi\u00f3n es evidente en el dise\u00f1o del NCR 450L4R. El generador est\u00e1 dise\u00f1ado con precisi\u00f3n para garantizar una integraci\u00f3n perfecta y una generaci\u00f3n de energ\u00eda confiable.<\/span><\/p>\n<p><span style=\"color: #808080\"><strong>Personalizado para Gamesa G5x:<\/strong> este generador est\u00e1 dise\u00f1ado espec\u00edficamente para cumplir con los requisitos \u00fanicos de los aerogeneradores Gamesa G5x. La perfecta compatibilidad garantiza una sinergia armoniosa entre el generador y la turbina para mejorar el rendimiento general.<\/span><\/p>\n<p><span style=\"color: #808080\"><strong>Tecnolog\u00eda avanzada:<\/strong> El NCR 450L4R incorpora tecnolog\u00eda de \u00faltima generaci\u00f3n para optimizar la generaci\u00f3n de energ\u00eda. Los materiales avanzados y las innovaciones en el dise\u00f1o contribuyen a la eficiencia y longevidad del generador.<\/span><\/p>\n<p><span style=\"color: #808080\"><strong>Fiabilidad y durabilidad:<\/strong> los generadores Indar son reconocidos por su confiabilidad y durabilidad. El NCR 450L4R no es una excepci\u00f3n y ofrece una soluci\u00f3n robusta que resiste los desaf\u00edos de las aplicaciones de energ\u00eda e\u00f3lica, contribuyendo a la longevidad de sus proyectos de energ\u00eda renovable.<\/span><\/p>\n<p><span style=\"color: #808080\"><strong>Cumplimiento de la industria<\/strong>: el generador cumple con los est\u00e1ndares y regulaciones de la industria, lo que garantiza que cumple o supera los requisitos necesarios para una operaci\u00f3n segura y eficiente en sistemas de energ\u00eda e\u00f3lica.<\/span><span style=\"color: #416973\"><\/div><\/div><\/span><\/p>\n","protected":false},"excerpt":{"rendered":"<p>Generador Indar NCR-450-L\/4R ; 50Hz, 690V, 860kW Gamesa G52\u00a0 Dise\u00f1ado espec\u00edficamente para su uso con aerogeneradores Gamesa G5x, este generador ejemplifica la ingenier\u00eda de vanguardia y la fiabilidad en el sector de las energ\u00edas renovables. Este modelo de generador est\u00e1 dise\u00f1ado para integrarse perfectamente con las turbinas G5x de Gamesa, proporcionando un rendimiento y una [&hellip;]<\/p>\n","protected":false},"featured_media":29843,"comment_status":"open","ping_status":"closed","template":"","meta":{"_et_pb_use_builder":"","_et_pb_old_content":"","_et_gb_content_width":""},"product_brand":[],"product_cat":[6169,9306,6229,180],"product_tag":[],"class_list":{"0":"post-21237","1":"product","2":"type-product","3":"status-publish","4":"has-post-thumbnail","6":"product_cat-g5x-es","7":"product_cat-800kw-es","8":"product_cat-reacondicionado","9":"product_cat-generadores","11":"first","12":"instock","13":"shipping-taxable","14":"product-type-simple"},"_links":{"self":[{"href":"https:\/\/iverwind.com\/spare-parts\/wp-json\/wp\/v2\/product\/21237","targetHints":{"allow":["GET"]}}],"collection":[{"href":"https:\/\/iverwind.com\/spare-parts\/wp-json\/wp\/v2\/product"}],"about":[{"href":"https:\/\/iverwind.com\/spare-parts\/wp-json\/wp\/v2\/types\/product"}],"replies":[{"embeddable":true,"href":"https:\/\/iverwind.com\/spare-parts\/wp-json\/wp\/v2\/comments?post=21237"}],"wp:featuredmedia":[{"embeddable":true,"href":"https:\/\/iverwind.com\/spare-parts\/wp-json\/wp\/v2\/media\/29843"}],"wp:attachment":[{"href":"https:\/\/iverwind.com\/spare-parts\/wp-json\/wp\/v2\/media?parent=21237"}],"wp:term":[{"taxonomy":"product_brand","embeddable":true,"href":"https:\/\/iverwind.com\/spare-parts\/wp-json\/wp\/v2\/product_brand?post=21237"},{"taxonomy":"product_cat","embeddable":true,"href":"https:\/\/iverwind.com\/spare-parts\/wp-json\/wp\/v2\/product_cat?post=21237"},{"taxonomy":"product_tag","embeddable":true,"href":"https:\/\/iverwind.com\/spare-parts\/wp-json\/wp\/v2\/product_tag?post=21237"}],"curies":[{"name":"wp","href":"https:\/\/api.w.org\/{rel}","templated":true}]}}